{"id":21,"date":"2015-07-31T07:38:42","date_gmt":"2015-07-31T05:38:42","guid":{"rendered":"http:\/\/agrotab.eu\/?page_id=21"},"modified":"2023-07-07T08:01:39","modified_gmt":"2023-07-07T06:01:39","slug":"skup-tytoniu-2","status":"publish","type":"page","link":"https:\/\/agrotab.eu\/en\/","title":{"rendered":"Home"},"content":{"rendered":"\t\t<div data-elementor-type=\"wp-page\" data-elementor-id=\"21\" class=\"elementor elementor-21\">\n\t\t\t\t\t\t<section class=\"elementor-section elementor-top-section elementor-element elementor-element-5a414971 elementor-section-height-min-height elementor-section-boxed elementor-section-height-default elementor-section-items-middle\" data-id=\"5a414971\" data-element_type=\"section\" data-e-type=\"section\" data-settings=\"{&quot;background_background&quot;:&quot;slideshow&quot;,&quot;background_slideshow_gallery&quot;:[{&quot;id&quot;:447,&quot;url&quot;:&quot;http:\\\/\\\/agrotab.eu\\\/wp-content\\\/uploads\\\/2021\\\/02\\\/1.jpg&quot;},{&quot;id&quot;:449,&quot;url&quot;:&quot;http:\\\/\\\/agrotab.eu\\\/wp-content\\\/uploads\\\/2021\\\/02\\\/3.jpg&quot;}],&quot;background_slideshow_transition_duration&quot;:8000,&quot;background_slideshow_slide_duration&quot;:7000,&quot;background_slideshow_loop&quot;:&quot;yes&quot;,&quot;background_slideshow_slide_transition&quot;:&quot;fade&quot;}\">\n\t\t\t\t\t\t\t<div class=\"elementor-background-overlay\"><\/div>\n\t\t\t\t\t\t\t<div class=\"elementor-container elementor-column-gap-extended\">\n\t\t\t\t\t<div class=\"elementor-column elementor-col-100 elementor-top-column elementor-element elementor-element-75e13ce\" data-id=\"75e13ce\" data-element_type=\"column\" data-e-type=\"column\">\n\t\t\t<div class=\"elementor-widget-wrap elementor-element-populated\">\n\t\t\t\t\t\t<div class=\"elementor-element elementor-element-34238b9 eael-dual-header-content-align-center elementor-widget elementor-widget-eael-dual-color-header\" data-id=\"34238b9\" data-element_type=\"widget\" data-e-type=\"widget\" data-widget_type=\"eael-dual-color-header.default\">\n\t\t\t\t<div class=\"elementor-widget-container\">\n\t\t\t\t\t\t\t\t<div class=\"eael-dual-header\">\n\t\t\t\t<span class=\"subtext\"><p>Skup i Kontraktacja Tytoniu<\/p><\/span>\n\t\t\t\t<h1 class=\"title eael-dch-title\"><span class=\"eael-dch-title-text eael-dch-title-lead lead solid-color\"><\/span> <span class=\"eael-dch-title-text\"><\/span><\/h1><div class=\"eael-dch-separator-wrap\"><span class=\"separator-one\"><\/span>\n\t\t\t<span class=\"separator-two\"><\/span><\/div>\t\t\t\t\t\t\t<\/div>\n\t\t\t\t\t\t<\/div>\n\t\t\t\t<\/div>\n\t\t\t\t\t<\/div>\n\t\t<\/div>\n\t\t\t\t\t<\/div>\n\t\t<\/section>\n\t\t\t\t<section class=\"elementor-section elementor-top-section elementor-element elementor-element-3e0b83f elementor-section-boxed elementor-section-height-default elementor-section-height-default\" data-id=\"3e0b83f\" data-element_type=\"section\" data-e-type=\"section\">\n\t\t\t\t\t\t<div class=\"elementor-container elementor-column-gap-default\">\n\t\t\t\t\t<div class=\"elementor-column elementor-col-100 elementor-top-column elementor-element elementor-element-f44a61e\" data-id=\"f44a61e\" data-element_type=\"column\" data-e-type=\"column\">\n\t\t\t<div class=\"elementor-widget-wrap elementor-element-populated\">\n\t\t\t\t\t\t<div class=\"elementor-element elementor-element-b850c71 elementor-widget-divider--view-line_icon elementor-view-default elementor-widget-divider--element-align-center elementor-widget elementor-widget-divider\" data-id=\"b850c71\" data-element_type=\"widget\" data-e-type=\"widget\" data-widget_type=\"divider.default\">\n\t\t\t\t<div class=\"elementor-widget-container\">\n\t\t\t\t\t\t\t<div class=\"elementor-divider\">\n\t\t\t<span class=\"elementor-divider-separator\">\n\t\t\t\t\t\t\t<div class=\"elementor-icon elementor-divider__element\">\n\t\t\t\t\t<i aria-hidden=\"true\" class=\"fas fa-square\"><\/i><\/div>\n\t\t\t\t\t\t<\/span>\n\t\t<\/div>\n\t\t\t\t\t\t<\/div>\n\t\t\t\t<\/div>\n\t\t\t\t\t<\/div>\n\t\t<\/div>\n\t\t\t\t\t<\/div>\n\t\t<\/section>\n\t\t\t\t<section class=\"elementor-section elementor-top-section elementor-element elementor-element-d392878 elementor-section-boxed elementor-section-height-default elementor-section-height-default\" data-id=\"d392878\" data-element_type=\"section\" data-e-type=\"section\">\n\t\t\t\t\t\t<div class=\"elementor-container elementor-column-gap-default\">\n\t\t\t\t\t<div class=\"elementor-column elementor-col-100 elementor-top-column elementor-element elementor-element-d1efb65\" data-id=\"d1efb65\" data-element_type=\"column\" data-e-type=\"column\">\n\t\t\t<div class=\"elementor-widget-wrap elementor-element-populated\">\n\t\t\t\t\t\t<div class=\"elementor-element elementor-element-e257b0f animated-slow elementor-widget elementor-widget-text-editor\" data-id=\"e257b0f\" data-element_type=\"widget\" data-e-type=\"widget\" data-settings=\"{&quot;_animation&quot;:&quot;none&quot;}\" data-widget_type=\"text-editor.default\">\n\t\t\t\t<div class=\"elementor-widget-container\">\n\t\t\t\t\t\t\t\t\t<p>Agrotab jest niezale\u017cn\u0105 firm\u0105 rodzinn\u0105, dzia\u0142aj\u0105c\u0105 w\u00a0 bran\u017cy tytoniowej od trzech pokole\u0144, a handlem tytoniem zajmuj\u0105c\u0105 si\u0119 od roku 2015.<\/p><p>Naszym celem jest promocja tytoniu Virginia uprawianego w Polsce na rynku europejskim.<\/p><p>Operujemy w regionie rolniczym o najbardziej warto\u015bciowych uprawach tytoniu, a nasza dzia\u0142alno\u015b\u0107 to przede wszystkim skup nieprzetworzonych li\u015bci tytoniu Virginia (g\u0142\u00f3wnie tytoniu jasnego we wszystkich klasach &#8211; ze wzgl\u0119du na poziom zbioru, kolor i struktur\u0119 li\u015bci) od lokalnych plantator\u00f3w oraz dalsza dystrybucja.<\/p>\t\t\t\t\t\t\t\t<\/div>\n\t\t\t\t<\/div>\n\t\t\t\t\t<\/div>\n\t\t<\/div>\n\t\t\t\t\t<\/div>\n\t\t<\/section>\n\t\t\t\t<section class=\"elementor-section elementor-top-section elementor-element elementor-element-93e9fb9 elementor-section-boxed elementor-section-height-default elementor-section-height-default\" data-id=\"93e9fb9\" data-element_type=\"section\" data-e-type=\"section\">\n\t\t\t\t\t\t<div class=\"elementor-container elementor-column-gap-default\">\n\t\t\t\t\t<div class=\"elementor-column elementor-col-100 elementor-top-column elementor-element elementor-element-5179390\" data-id=\"5179390\" data-element_type=\"column\" data-e-type=\"column\">\n\t\t\t<div class=\"elementor-widget-wrap elementor-element-populated\">\n\t\t\t\t\t\t<div class=\"elementor-element elementor-element-fca9e8b elementor-widget-divider--view-line_icon elementor-view-default elementor-widget-divider--element-align-center elementor-widget elementor-widget-divider\" data-id=\"fca9e8b\" data-element_type=\"widget\" data-e-type=\"widget\" data-widget_type=\"divider.default\">\n\t\t\t\t<div class=\"elementor-widget-container\">\n\t\t\t\t\t\t\t<div class=\"elementor-divider\">\n\t\t\t<span class=\"elementor-divider-separator\">\n\t\t\t\t\t\t\t<div class=\"elementor-icon elementor-divider__element\">\n\t\t\t\t\t<i aria-hidden=\"true\" class=\"fas fa-square\"><\/i><\/div>\n\t\t\t\t\t\t<\/span>\n\t\t<\/div>\n\t\t\t\t\t\t<\/div>\n\t\t\t\t<\/div>\n\t\t\t\t\t<\/div>\n\t\t<\/div>\n\t\t\t\t\t<\/div>\n\t\t<\/section>\n\t\t\t\t<\/div>\n\t\t","protected":false},"excerpt":{"rendered":"<p>Skup i Kontraktacja Tytoniu Agrotab jest niezale\u017cn\u0105 firm\u0105 rodzinn\u0105, dzia\u0142aj\u0105c\u0105 w\u00a0 bran\u017cy tytoniowej od trzech pokole\u0144, a handlem tytoniem zajmuj\u0105c\u0105 si\u0119 od roku 2015. Naszym celem jest promocja tytoniu Virginia uprawianego w Polsce na rynku europejskim. Operujemy w regionie rolniczym o najbardziej warto\u015bciowych uprawach tytoniu, a nasza dzia\u0142alno\u015b\u0107 to przede wszystkim skup nieprzetworzonych li\u015bci tytoniu [&hellip;]<\/p>\n","protected":false},"author":1,"featured_media":428,"parent":0,"menu_order":0,"comment_status":"closed","ping_status":"closed","template":"","meta":{"_eb_attr":"","ocean_post_layout":"full-width","ocean_both_sidebars_style":"","ocean_both_sidebars_content_width":0,"ocean_both_sidebars_sidebars_width":0,"ocean_sidebar":"0","ocean_second_sidebar":"0","ocean_disable_margins":"enable","ocean_add_body_class":"","ocean_shortcode_before_top_bar":"","ocean_shortcode_after_top_bar":"","ocean_shortcode_before_header":"","ocean_shortcode_after_header":"","ocean_has_shortcode":"","ocean_shortcode_after_title":"","ocean_shortcode_before_footer_widgets":"","ocean_shortcode_after_footer_widgets":"","ocean_shortcode_before_footer_bottom":"","ocean_shortcode_after_footer_bottom":"","ocean_display_top_bar":"default","ocean_display_header":"default","ocean_header_style":"","ocean_center_header_left_menu":"0","ocean_custom_header_template":"0","ocean_custom_logo":0,"ocean_custom_retina_logo":0,"ocean_custom_logo_max_width":0,"ocean_custom_logo_tablet_max_width":0,"ocean_custom_logo_mobile_max_width":0,"ocean_custom_logo_max_height":0,"ocean_custom_logo_tablet_max_height":0,"ocean_custom_logo_mobile_max_height":0,"ocean_header_custom_menu":"0","ocean_menu_typo_font_family":"0","ocean_menu_typo_font_subset":"","ocean_menu_typo_font_size":0,"ocean_menu_typo_font_size_tablet":0,"ocean_menu_typo_font_size_mobile":0,"ocean_menu_typo_font_size_unit":"px","ocean_menu_typo_font_weight":"","ocean_menu_typo_font_weight_tablet":"","ocean_menu_typo_font_weight_mobile":"","ocean_menu_typo_transform":"","ocean_menu_typo_transform_tablet":"","ocean_menu_typo_transform_mobile":"","ocean_menu_typo_line_height":0,"ocean_menu_typo_line_height_tablet":0,"ocean_menu_typo_line_height_mobile":0,"ocean_menu_typo_line_height_unit":"","ocean_menu_typo_spacing":0,"ocean_menu_typo_spacing_tablet":0,"ocean_menu_typo_spacing_mobile":0,"ocean_menu_typo_spacing_unit":"","ocean_menu_link_color":"","ocean_menu_link_color_hover":"","ocean_menu_link_color_active":"","ocean_menu_link_background":"","ocean_menu_link_hover_background":"","ocean_menu_link_active_background":"","ocean_menu_social_links_bg":"","ocean_menu_social_hover_links_bg":"","ocean_menu_social_links_color":"","ocean_menu_social_hover_links_color":"","ocean_disable_title":"on","ocean_disable_heading":"default","ocean_post_title":"","ocean_post_subheading":"","ocean_post_title_style":"","ocean_post_title_background_color":"","ocean_post_title_background":0,"ocean_post_title_bg_image_position":"","ocean_post_title_bg_image_attachment":"","ocean_post_title_bg_image_repeat":"","ocean_post_title_bg_image_size":"","ocean_post_title_height":0,"ocean_post_title_bg_overlay":0.5,"ocean_post_title_bg_overlay_color":"","ocean_disable_breadcrumbs":"default","ocean_breadcrumbs_color":"","ocean_breadcrumbs_separator_color":"","ocean_breadcrumbs_links_color":"","ocean_breadcrumbs_links_hover_color":"","ocean_display_footer_widgets":"default","ocean_display_footer_bottom":"default","ocean_custom_footer_template":"0","footnotes":""},"class_list":["post-21","page","type-page","status-publish","has-post-thumbnail","hentry","entry","has-media"],"yoast_head":"<!-- This site is optimized with the Yoast SEO plugin v27.2 - https:\/\/yoast.com\/product\/yoast-seo-wordpress\/ -->\n<title>Strona g\u0142\u00f3wna - AGROTAB<\/title>\n<meta name=\"robots\" content=\"index, follow, max-snippet:-1, max-image-preview:large, max-video-preview:-1\" \/>\n<link rel=\"canonical\" href=\"https:\/\/agrotab.eu\/en\/\" \/>\n<meta property=\"og:locale\" content=\"en_GB\" \/>\n<meta property=\"og:type\" content=\"article\" \/>\n<meta property=\"og:title\" content=\"Strona g\u0142\u00f3wna - AGROTAB\" \/>\n<meta property=\"og:description\" content=\"Skup i Kontraktacja Tytoniu Agrotab jest niezale\u017cn\u0105 firm\u0105 rodzinn\u0105, dzia\u0142aj\u0105c\u0105 w\u00a0 bran\u017cy tytoniowej od trzech pokole\u0144, a handlem tytoniem zajmuj\u0105c\u0105 si\u0119 od roku 2015. Naszym celem jest promocja tytoniu Virginia uprawianego w Polsce na rynku europejskim. Operujemy w regionie rolniczym o najbardziej warto\u015bciowych uprawach tytoniu, a nasza dzia\u0142alno\u015b\u0107 to przede wszystkim skup nieprzetworzonych li\u015bci tytoniu [&hellip;]\" \/>\n<meta property=\"og:url\" content=\"https:\/\/agrotab.eu\/en\/\" \/>\n<meta property=\"og:site_name\" content=\"AGROTAB\" \/>\n<meta property=\"article:publisher\" content=\"https:\/\/www.facebook.com\/AgrotabTobacco\" \/>\n<meta property=\"article:modified_time\" content=\"2023-07-07T06:01:39+00:00\" \/>\n<meta property=\"og:image\" content=\"https:\/\/agrotab.eu\/wp-content\/uploads\/2021\/02\/bel.jpg\" \/>\n\t<meta property=\"og:image:width\" content=\"640\" \/>\n\t<meta property=\"og:image:height\" content=\"480\" \/>\n\t<meta property=\"og:image:type\" content=\"image\/jpeg\" \/>\n<meta name=\"twitter:card\" content=\"summary_large_image\" \/>\n<script type=\"application\/ld+json\" class=\"yoast-schema-graph\">{\"@context\":\"https:\/\/schema.org\",\"@graph\":[{\"@type\":\"WebPage\",\"@id\":\"https:\/\/agrotab.eu\/\",\"url\":\"https:\/\/agrotab.eu\/\",\"name\":\"Strona g\u0142\u00f3wna - AGROTAB\",\"isPartOf\":{\"@id\":\"https:\/\/agrotab.eu\/#website\"},\"primaryImageOfPage\":{\"@id\":\"https:\/\/agrotab.eu\/#primaryimage\"},\"image\":{\"@id\":\"https:\/\/agrotab.eu\/#primaryimage\"},\"thumbnailUrl\":\"https:\/\/agrotab.eu\/wp-content\/uploads\/2021\/02\/bel.jpg\",\"datePublished\":\"2015-07-31T05:38:42+00:00\",\"dateModified\":\"2023-07-07T06:01:39+00:00\",\"breadcrumb\":{\"@id\":\"https:\/\/agrotab.eu\/#breadcrumb\"},\"inLanguage\":\"en-GB\",\"potentialAction\":[{\"@type\":\"ReadAction\",\"target\":[\"https:\/\/agrotab.eu\/\"]}]},{\"@type\":\"ImageObject\",\"inLanguage\":\"en-GB\",\"@id\":\"https:\/\/agrotab.eu\/#primaryimage\",\"url\":\"https:\/\/agrotab.eu\/wp-content\/uploads\/2021\/02\/bel.jpg\",\"contentUrl\":\"https:\/\/agrotab.eu\/wp-content\/uploads\/2021\/02\/bel.jpg\",\"width\":640,\"height\":480},{\"@type\":\"BreadcrumbList\",\"@id\":\"https:\/\/agrotab.eu\/#breadcrumb\",\"itemListElement\":[{\"@type\":\"ListItem\",\"position\":1,\"name\":\"Strona g\u0142\u00f3wna\",\"item\":\"https:\/\/agrotab.eu\/\"},{\"@type\":\"ListItem\",\"position\":2,\"name\":\"Strona g\u0142\u00f3wna\"}]},{\"@type\":\"WebSite\",\"@id\":\"https:\/\/agrotab.eu\/#website\",\"url\":\"https:\/\/agrotab.eu\/\",\"name\":\"AGROTAB\",\"description\":\"SKUP KONTRAKTACJA TYTONIU VIRGINIA\",\"publisher\":{\"@id\":\"https:\/\/agrotab.eu\/#organization\"},\"potentialAction\":[{\"@type\":\"SearchAction\",\"target\":{\"@type\":\"EntryPoint\",\"urlTemplate\":\"https:\/\/agrotab.eu\/?s={search_term_string}\"},\"query-input\":{\"@type\":\"PropertyValueSpecification\",\"valueRequired\":true,\"valueName\":\"search_term_string\"}}],\"inLanguage\":\"en-GB\"},{\"@type\":\"Organization\",\"@id\":\"https:\/\/agrotab.eu\/#organization\",\"name\":\"Agrotab S.C.\",\"url\":\"https:\/\/agrotab.eu\/\",\"logo\":{\"@type\":\"ImageObject\",\"inLanguage\":\"en-GB\",\"@id\":\"https:\/\/agrotab.eu\/#\/schema\/logo\/image\/\",\"url\":\"https:\/\/agrotab.eu\/wp-content\/uploads\/2021\/02\/agrotab-2.jpg\",\"contentUrl\":\"https:\/\/agrotab.eu\/wp-content\/uploads\/2021\/02\/agrotab-2.jpg\",\"width\":500,\"height\":137,\"caption\":\"Agrotab S.C.\"},\"image\":{\"@id\":\"https:\/\/agrotab.eu\/#\/schema\/logo\/image\/\"},\"sameAs\":[\"https:\/\/www.facebook.com\/AgrotabTobacco\"]}]}<\/script>\n<!-- \/ Yoast SEO plugin. -->","yoast_head_json":{"title":"Strona g\u0142\u00f3wna - AGROTAB","robots":{"index":"index","follow":"follow","max-snippet":"max-snippet:-1","max-image-preview":"max-image-preview:large","max-video-preview":"max-video-preview:-1"},"canonical":"https:\/\/agrotab.eu\/en\/","og_locale":"en_GB","og_type":"article","og_title":"Strona g\u0142\u00f3wna - AGROTAB","og_description":"Skup i Kontraktacja Tytoniu Agrotab jest niezale\u017cn\u0105 firm\u0105 rodzinn\u0105, dzia\u0142aj\u0105c\u0105 w\u00a0 bran\u017cy tytoniowej od trzech pokole\u0144, a handlem tytoniem zajmuj\u0105c\u0105 si\u0119 od roku 2015. Naszym celem jest promocja tytoniu Virginia uprawianego w Polsce na rynku europejskim. Operujemy w regionie rolniczym o najbardziej warto\u015bciowych uprawach tytoniu, a nasza dzia\u0142alno\u015b\u0107 to przede wszystkim skup nieprzetworzonych li\u015bci tytoniu [&hellip;]","og_url":"https:\/\/agrotab.eu\/en\/","og_site_name":"AGROTAB","article_publisher":"https:\/\/www.facebook.com\/AgrotabTobacco","article_modified_time":"2023-07-07T06:01:39+00:00","og_image":[{"width":640,"height":480,"url":"https:\/\/agrotab.eu\/wp-content\/uploads\/2021\/02\/bel.jpg","type":"image\/jpeg"}],"twitter_card":"summary_large_image","schema":{"@context":"https:\/\/schema.org","@graph":[{"@type":"WebPage","@id":"https:\/\/agrotab.eu\/","url":"https:\/\/agrotab.eu\/","name":"Strona g\u0142\u00f3wna - AGROTAB","isPartOf":{"@id":"https:\/\/agrotab.eu\/#website"},"primaryImageOfPage":{"@id":"https:\/\/agrotab.eu\/#primaryimage"},"image":{"@id":"https:\/\/agrotab.eu\/#primaryimage"},"thumbnailUrl":"https:\/\/agrotab.eu\/wp-content\/uploads\/2021\/02\/bel.jpg","datePublished":"2015-07-31T05:38:42+00:00","dateModified":"2023-07-07T06:01:39+00:00","breadcrumb":{"@id":"https:\/\/agrotab.eu\/#breadcrumb"},"inLanguage":"en-GB","potentialAction":[{"@type":"ReadAction","target":["https:\/\/agrotab.eu\/"]}]},{"@type":"ImageObject","inLanguage":"en-GB","@id":"https:\/\/agrotab.eu\/#primaryimage","url":"https:\/\/agrotab.eu\/wp-content\/uploads\/2021\/02\/bel.jpg","contentUrl":"https:\/\/agrotab.eu\/wp-content\/uploads\/2021\/02\/bel.jpg","width":640,"height":480},{"@type":"BreadcrumbList","@id":"https:\/\/agrotab.eu\/#breadcrumb","itemListElement":[{"@type":"ListItem","position":1,"name":"Strona g\u0142\u00f3wna","item":"https:\/\/agrotab.eu\/"},{"@type":"ListItem","position":2,"name":"Strona g\u0142\u00f3wna"}]},{"@type":"WebSite","@id":"https:\/\/agrotab.eu\/#website","url":"https:\/\/agrotab.eu\/","name":"AGROTAB","description":"SKUP KONTRAKTACJA TYTONIU VIRGINIA","publisher":{"@id":"https:\/\/agrotab.eu\/#organization"},"potentialAction":[{"@type":"SearchAction","target":{"@type":"EntryPoint","urlTemplate":"https:\/\/agrotab.eu\/?s={search_term_string}"},"query-input":{"@type":"PropertyValueSpecification","valueRequired":true,"valueName":"search_term_string"}}],"inLanguage":"en-GB"},{"@type":"Organization","@id":"https:\/\/agrotab.eu\/#organization","name":"Agrotab S.C.","url":"https:\/\/agrotab.eu\/","logo":{"@type":"ImageObject","inLanguage":"en-GB","@id":"https:\/\/agrotab.eu\/#\/schema\/logo\/image\/","url":"https:\/\/agrotab.eu\/wp-content\/uploads\/2021\/02\/agrotab-2.jpg","contentUrl":"https:\/\/agrotab.eu\/wp-content\/uploads\/2021\/02\/agrotab-2.jpg","width":500,"height":137,"caption":"Agrotab S.C."},"image":{"@id":"https:\/\/agrotab.eu\/#\/schema\/logo\/image\/"},"sameAs":["https:\/\/www.facebook.com\/AgrotabTobacco"]}]}},"_links":{"self":[{"href":"https:\/\/agrotab.eu\/en\/wp-json\/wp\/v2\/pages\/21","targetHints":{"allow":["GET"]}}],"collection":[{"href":"https:\/\/agrotab.eu\/en\/wp-json\/wp\/v2\/pages"}],"about":[{"href":"https:\/\/agrotab.eu\/en\/wp-json\/wp\/v2\/types\/page"}],"author":[{"embeddable":true,"href":"https:\/\/agrotab.eu\/en\/wp-json\/wp\/v2\/users\/1"}],"replies":[{"embeddable":true,"href":"https:\/\/agrotab.eu\/en\/wp-json\/wp\/v2\/comments?post=21"}],"version-history":[{"count":216,"href":"https:\/\/agrotab.eu\/en\/wp-json\/wp\/v2\/pages\/21\/revisions"}],"predecessor-version":[{"id":937,"href":"https:\/\/agrotab.eu\/en\/wp-json\/wp\/v2\/pages\/21\/revisions\/937"}],"wp:featuredmedia":[{"embeddable":true,"href":"https:\/\/agrotab.eu\/en\/wp-json\/wp\/v2\/media\/428"}],"wp:attachment":[{"href":"https:\/\/agrotab.eu\/en\/wp-json\/wp\/v2\/media?parent=21"}],"curies":[{"name":"wp","href":"https:\/\/api.w.org\/{rel}","templated":true}]}}